{"id":343,"date":"2014-06-11T17:15:34","date_gmt":"2014-06-11T15:15:34","guid":{"rendered":"http:\/\/anne-huebner.de\/?page_id=343"},"modified":"2018-09-30T23:17:05","modified_gmt":"2018-09-30T21:17:05","slug":"privat","status":"publish","type":"page","link":"https:\/\/anne-huebner.de\/wp\/privat\/","title":{"rendered":"Privat"},"content":{"rendered":"<p><strong>Leben in Kurzform<\/strong><\/p>\n<ul>\n<li>\u00a0geboren 1978 in Finsterwalde (Brandenburg)<\/li>\n<li>1997 Abitur in Dresden, Studium der Kommunikationswissenschaft an der TU Dresden<\/li>\n<li>2001 Umzug nach M\u00fcnchen, Studium in Hof von 2001-2004 , Dipl.-Verwaltungswirtin (FH)<\/li>\n<li>2004-2007 Landeshauptstadt M\u00fcnchen, Wohnungsamt: Controlling, Finanzen, Wohnen in M\u00fcnchen<\/li>\n<li>2007-2013 Landeshauptstadt M\u00fcnchen, Sozialamt: Armutsberichterstattung, Steuerungsunterst\u00fctzung f\u00fcr die Amtsleiterin<\/li>\n<li>\u00a0seit 07\/2013 Fachreferentin Altenpflege bei der Arbeiterwohlfahrt M\u00fcnchen<\/li>\n<\/ul>\n<p>&nbsp;<\/p>\n<p><strong>Was ich mag<\/strong><\/p>\n<ul>\n<li>Das Wichtigste in meinem Leben ist meine Tochter. Seit sie da ist, bin ich zufriedener, gl\u00fccklicher und hab an Wochenendvormittagen mehr Zeit. \ud83d\ude09<\/li>\n<li>Marillenkn\u00f6del, Rouladen und wenn meine Mama kocht.<\/li>\n<li>Meine Familie: sie ist immer f\u00fcr mich da.<\/li>\n<li>Dass M\u00fcnchen weltoffen, tolerant und bunt ist.<\/li>\n<li>Zeit zum Lesen und Zeit zum nichts tun.<\/li>\n<\/ul>\n<p>&nbsp;<\/p>\n<p><strong>Hier bin ich dabei:<\/strong><\/p>\n<ul>\n<li><a title=\"SPD\" href=\"http:\/\/www.spd.de\" target=\"_blank\" rel=\"noopener\">SPD<\/a> (seit 2000)<\/li>\n<li><a title=\"Sozialpolitisches Forum M\u00fcnchen\" href=\"http:\/\/www.sopofo-muenchen.de\" target=\"_blank\" rel=\"noopener\">Sozialpolitisches Forum<\/a> (seit 2007)<\/li>\n<li><a title=\"Arbeiterwohlfahrt M\u00fcnchen\" href=\"http:\/\/www.awo-muenchen.de\" target=\"_blank\" rel=\"noopener\">Arbeiterwohlfahrt<\/a> (seit 2012)<\/li>\n<li><a title=\"VdK Bayern\" href=\"http:\/\/www.vdk.de\/bayern\/\" target=\"_blank\" rel=\"noopener\">VdK Bayern<\/a> (seit 2013)<\/li>\n<li><a href=\"https:\/\/www.mieterverein-muenchen.de\" target=\"_blank\" rel=\"noopener\">Mieterverein M\u00fcnchen<\/a><\/li>\n<li><a href=\"http:\/\/www.asb-muenchen.de\" target=\"_blank\" rel=\"noopener\">Arbeiter-Samariter-Bund M\u00fcnchen<\/a><\/li>\n<\/ul>\n","protected":false},"excerpt":{"rendered":"<p>Leben in Kurzform \u00a0geboren 1978 in Finsterwalde (Brandenburg) 1997 Abitur in Dresden, Studium der Kommunikationswissenschaft an der TU Dresden 2001 Umzug nach M\u00fcnchen, Studium in Hof von 2001-2004 , Dipl.-Verwaltungswirtin (FH) 2004-2007 Landeshauptstadt M\u00fcnchen, Wohnungsamt: Controlling, Finanzen, Wohnen in M\u00fcnchen 2007-2013 Landeshauptstadt M\u00fcnchen, Sozialamt: Armutsberichterstattung, Steuerungsunterst\u00fctzung f\u00fcr die Amtsleiterin \u00a0seit 07\/2013 Fachreferentin Altenpflege bei der Arbeiterwohlfahrt M\u00fcnchen &nbsp; Was ich mag Das Wichtigste in meinem Leben ist meine Tochter. Seit sie da ist, bin ich zufriedener, gl\u00fccklicher und hab an Wochenendvormittagen mehr Zeit. \ud83d\ude09 Marillenkn\u00f6del, Rouladen und wenn meine Mama kocht. Meine Familie: sie ist immer f\u00fcr mich da. Dass<\/p>\n","protected":false},"author":1,"featured_media":0,"parent":0,"menu_order":2,"comment_status":"open","ping_status":"open","template":"","meta":{"jetpack_post_was_ever_published":false,"footnotes":""},"class_list":["post-343","page","type-page","status-publish","hentry"],"yoast_head":"<!-- This site is optimized with the Yoast SEO plugin v27.3 - https:\/\/yoast.com\/product\/yoast-seo-wordpress\/ -->\n<title>Privat - Notizen aus dem M\u00fcnchner Stadtrat<\/title>\n<meta name=\"robots\" content=\"index, follow, max-snippet:-1, max-image-preview:large, max-video-preview:-1\" \/>\n<link rel=\"canonical\" href=\"https:\/\/anne-huebner.de\/wp\/privat\/\" \/>\n<meta property=\"og:locale\" content=\"de_DE\" \/>\n<meta property=\"og:type\" content=\"article\" \/>\n<meta property=\"og:title\" content=\"Privat - Notizen aus dem M\u00fcnchner Stadtrat\" \/>\n<meta property=\"og:description\" content=\"Leben in Kurzform \u00a0geboren 1978 in Finsterwalde (Brandenburg) 1997 Abitur in Dresden, Studium der Kommunikationswissenschaft an der TU Dresden 2001 Umzug nach M\u00fcnchen, Studium in Hof von 2001-2004 , Dipl.-Verwaltungswirtin (FH) 2004-2007 Landeshauptstadt M\u00fcnchen, Wohnungsamt: Controlling, Finanzen, Wohnen in M\u00fcnchen 2007-2013 Landeshauptstadt M\u00fcnchen, Sozialamt: Armutsberichterstattung, Steuerungsunterst\u00fctzung f\u00fcr die Amtsleiterin \u00a0seit 07\/2013 Fachreferentin Altenpflege bei der Arbeiterwohlfahrt M\u00fcnchen &nbsp; Was ich mag Das Wichtigste in meinem Leben ist meine Tochter. Seit sie da ist, bin ich zufriedener, gl\u00fccklicher und hab an Wochenendvormittagen mehr Zeit. \ud83d\ude09 Marillenkn\u00f6del, Rouladen und wenn meine Mama kocht. Meine Familie: sie ist immer f\u00fcr mich da. Dass\" \/>\n<meta property=\"og:url\" content=\"https:\/\/anne-huebner.de\/wp\/privat\/\" \/>\n<meta property=\"og:site_name\" content=\"Notizen aus dem M\u00fcnchner Stadtrat\" \/>\n<meta property=\"article:publisher\" content=\"https:\/\/www.facebook.com\/anne.huebner\/\" \/>\n<meta property=\"article:modified_time\" content=\"2018-09-30T21:17:05+00:00\" \/>\n<meta name=\"twitter:card\" content=\"summary_large_image\" \/>\n<meta name=\"twitter:site\" content=\"@AnnieMuc\" \/>\n<meta name=\"twitter:label1\" content=\"Gesch\u00e4tzte Lesezeit\" \/>\n\t<meta name=\"twitter:data1\" content=\"1\u00a0Minute\" \/>\n<script type=\"application\/ld+json\" class=\"yoast-schema-graph\">{\"@context\":\"https:\\\/\\\/schema.org\",\"@graph\":[{\"@type\":\"WebPage\",\"@id\":\"https:\\\/\\\/anne-huebner.de\\\/wp\\\/privat\\\/\",\"url\":\"https:\\\/\\\/anne-huebner.de\\\/wp\\\/privat\\\/\",\"name\":\"Privat - Notizen aus dem M\u00fcnchner Stadtrat\",\"isPartOf\":{\"@id\":\"https:\\\/\\\/anne-huebner.de\\\/wp\\\/#website\"},\"datePublished\":\"2014-06-11T15:15:34+00:00\",\"dateModified\":\"2018-09-30T21:17:05+00:00\",\"breadcrumb\":{\"@id\":\"https:\\\/\\\/anne-huebner.de\\\/wp\\\/privat\\\/#breadcrumb\"},\"inLanguage\":\"de\",\"potentialAction\":[{\"@type\":\"ReadAction\",\"target\":[\"https:\\\/\\\/anne-huebner.de\\\/wp\\\/privat\\\/\"]}]},{\"@type\":\"BreadcrumbList\",\"@id\":\"https:\\\/\\\/anne-huebner.de\\\/wp\\\/privat\\\/#breadcrumb\",\"itemListElement\":[{\"@type\":\"ListItem\",\"position\":1,\"name\":\"Startseite\",\"item\":\"https:\\\/\\\/anne-huebner.de\\\/wp\\\/\"},{\"@type\":\"ListItem\",\"position\":2,\"name\":\"Privat\"}]},{\"@type\":\"WebSite\",\"@id\":\"https:\\\/\\\/anne-huebner.de\\\/wp\\\/#website\",\"url\":\"https:\\\/\\\/anne-huebner.de\\\/wp\\\/\",\"name\":\"Notizen aus dem M\u00fcnchner Stadtrat\",\"description\":\"Subjektiv. Unregelm\u00e4\u00dfig. Rot. l Anne H\u00fcbner\",\"publisher\":{\"@id\":\"https:\\\/\\\/anne-huebner.de\\\/wp\\\/#\\\/schema\\\/person\\\/ef4201bb73f96e4cce1ac07114442500\"},\"potentialAction\":[{\"@type\":\"SearchAction\",\"target\":{\"@type\":\"EntryPoint\",\"urlTemplate\":\"https:\\\/\\\/anne-huebner.de\\\/wp\\\/?s={search_term_string}\"},\"query-input\":{\"@type\":\"PropertyValueSpecification\",\"valueRequired\":true,\"valueName\":\"search_term_string\"}}],\"inLanguage\":\"de\"},{\"@type\":[\"Person\",\"Organization\"],\"@id\":\"https:\\\/\\\/anne-huebner.de\\\/wp\\\/#\\\/schema\\\/person\\\/ef4201bb73f96e4cce1ac07114442500\",\"name\":\"Anne H\u00fcbner\",\"image\":{\"@type\":\"ImageObject\",\"inLanguage\":\"de\",\"@id\":\"https:\\\/\\\/anne-huebner.de\\\/wp\\\/wp-content\\\/uploads\\\/2020\\\/10\\\/8C980503-76EB-4E84-98AE-A6861E8F9235-scaled.jpeg\",\"url\":\"https:\\\/\\\/anne-huebner.de\\\/wp\\\/wp-content\\\/uploads\\\/2020\\\/10\\\/8C980503-76EB-4E84-98AE-A6861E8F9235-scaled.jpeg\",\"contentUrl\":\"https:\\\/\\\/anne-huebner.de\\\/wp\\\/wp-content\\\/uploads\\\/2020\\\/10\\\/8C980503-76EB-4E84-98AE-A6861E8F9235-scaled.jpeg\",\"width\":1923,\"height\":2560,\"caption\":\"Anne H\u00fcbner\"},\"logo\":{\"@id\":\"https:\\\/\\\/anne-huebner.de\\\/wp\\\/wp-content\\\/uploads\\\/2020\\\/10\\\/8C980503-76EB-4E84-98AE-A6861E8F9235-scaled.jpeg\"},\"sameAs\":[\"http:\\\/\\\/www.anne-huebner.de\",\"https:\\\/\\\/www.facebook.com\\\/anne.huebner\\\/\",\"https:\\\/\\\/x.com\\\/AnnieMuc\"]}]}<\/script>\n<!-- \/ Yoast SEO plugin. -->","yoast_head_json":{"title":"Privat - Notizen aus dem M\u00fcnchner Stadtrat","robots":{"index":"index","follow":"follow","max-snippet":"max-snippet:-1","max-image-preview":"max-image-preview:large","max-video-preview":"max-video-preview:-1"},"canonical":"https:\/\/anne-huebner.de\/wp\/privat\/","og_locale":"de_DE","og_type":"article","og_title":"Privat - Notizen aus dem M\u00fcnchner Stadtrat","og_description":"Leben in Kurzform \u00a0geboren 1978 in Finsterwalde (Brandenburg) 1997 Abitur in Dresden, Studium der Kommunikationswissenschaft an der TU Dresden 2001 Umzug nach M\u00fcnchen, Studium in Hof von 2001-2004 , Dipl.-Verwaltungswirtin (FH) 2004-2007 Landeshauptstadt M\u00fcnchen, Wohnungsamt: Controlling, Finanzen, Wohnen in M\u00fcnchen 2007-2013 Landeshauptstadt M\u00fcnchen, Sozialamt: Armutsberichterstattung, Steuerungsunterst\u00fctzung f\u00fcr die Amtsleiterin \u00a0seit 07\/2013 Fachreferentin Altenpflege bei der Arbeiterwohlfahrt M\u00fcnchen &nbsp; Was ich mag Das Wichtigste in meinem Leben ist meine Tochter. Seit sie da ist, bin ich zufriedener, gl\u00fccklicher und hab an Wochenendvormittagen mehr Zeit. \ud83d\ude09 Marillenkn\u00f6del, Rouladen und wenn meine Mama kocht. Meine Familie: sie ist immer f\u00fcr mich da. Dass","og_url":"https:\/\/anne-huebner.de\/wp\/privat\/","og_site_name":"Notizen aus dem M\u00fcnchner Stadtrat","article_publisher":"https:\/\/www.facebook.com\/anne.huebner\/","article_modified_time":"2018-09-30T21:17:05+00:00","twitter_card":"summary_large_image","twitter_site":"@AnnieMuc","twitter_misc":{"Gesch\u00e4tzte Lesezeit":"1\u00a0Minute"},"schema":{"@context":"https:\/\/schema.org","@graph":[{"@type":"WebPage","@id":"https:\/\/anne-huebner.de\/wp\/privat\/","url":"https:\/\/anne-huebner.de\/wp\/privat\/","name":"Privat - Notizen aus dem M\u00fcnchner Stadtrat","isPartOf":{"@id":"https:\/\/anne-huebner.de\/wp\/#website"},"datePublished":"2014-06-11T15:15:34+00:00","dateModified":"2018-09-30T21:17:05+00:00","breadcrumb":{"@id":"https:\/\/anne-huebner.de\/wp\/privat\/#breadcrumb"},"inLanguage":"de","potentialAction":[{"@type":"ReadAction","target":["https:\/\/anne-huebner.de\/wp\/privat\/"]}]},{"@type":"BreadcrumbList","@id":"https:\/\/anne-huebner.de\/wp\/privat\/#breadcrumb","itemListElement":[{"@type":"ListItem","position":1,"name":"Startseite","item":"https:\/\/anne-huebner.de\/wp\/"},{"@type":"ListItem","position":2,"name":"Privat"}]},{"@type":"WebSite","@id":"https:\/\/anne-huebner.de\/wp\/#website","url":"https:\/\/anne-huebner.de\/wp\/","name":"Notizen aus dem M\u00fcnchner Stadtrat","description":"Subjektiv. Unregelm\u00e4\u00dfig. Rot. l Anne H\u00fcbner","publisher":{"@id":"https:\/\/anne-huebner.de\/wp\/#\/schema\/person\/ef4201bb73f96e4cce1ac07114442500"},"potentialAction":[{"@type":"SearchAction","target":{"@type":"EntryPoint","urlTemplate":"https:\/\/anne-huebner.de\/wp\/?s={search_term_string}"},"query-input":{"@type":"PropertyValueSpecification","valueRequired":true,"valueName":"search_term_string"}}],"inLanguage":"de"},{"@type":["Person","Organization"],"@id":"https:\/\/anne-huebner.de\/wp\/#\/schema\/person\/ef4201bb73f96e4cce1ac07114442500","name":"Anne H\u00fcbner","image":{"@type":"ImageObject","inLanguage":"de","@id":"https:\/\/anne-huebner.de\/wp\/wp-content\/uploads\/2020\/10\/8C980503-76EB-4E84-98AE-A6861E8F9235-scaled.jpeg","url":"https:\/\/anne-huebner.de\/wp\/wp-content\/uploads\/2020\/10\/8C980503-76EB-4E84-98AE-A6861E8F9235-scaled.jpeg","contentUrl":"https:\/\/anne-huebner.de\/wp\/wp-content\/uploads\/2020\/10\/8C980503-76EB-4E84-98AE-A6861E8F9235-scaled.jpeg","width":1923,"height":2560,"caption":"Anne H\u00fcbner"},"logo":{"@id":"https:\/\/anne-huebner.de\/wp\/wp-content\/uploads\/2020\/10\/8C980503-76EB-4E84-98AE-A6861E8F9235-scaled.jpeg"},"sameAs":["http:\/\/www.anne-huebner.de","https:\/\/www.facebook.com\/anne.huebner\/","https:\/\/x.com\/AnnieMuc"]}]}},"jetpack_sharing_enabled":true,"jetpack_shortlink":"https:\/\/wp.me\/P7X5p8-5x","_links":{"self":[{"href":"https:\/\/anne-huebner.de\/wp\/wp-json\/wp\/v2\/pages\/343","targetHints":{"allow":["GET"]}}],"collection":[{"href":"https:\/\/anne-huebner.de\/wp\/wp-json\/wp\/v2\/pages"}],"about":[{"href":"https:\/\/anne-huebner.de\/wp\/wp-json\/wp\/v2\/types\/page"}],"author":[{"embeddable":true,"href":"https:\/\/anne-huebner.de\/wp\/wp-json\/wp\/v2\/users\/1"}],"replies":[{"embeddable":true,"href":"https:\/\/anne-huebner.de\/wp\/wp-json\/wp\/v2\/comments?post=343"}],"version-history":[{"count":5,"href":"https:\/\/anne-huebner.de\/wp\/wp-json\/wp\/v2\/pages\/343\/revisions"}],"predecessor-version":[{"id":821,"href":"https:\/\/anne-huebner.de\/wp\/wp-json\/wp\/v2\/pages\/343\/revisions\/821"}],"wp:attachment":[{"href":"https:\/\/anne-huebner.de\/wp\/wp-json\/wp\/v2\/media?parent=343"}],"curies":[{"name":"wp","href":"https:\/\/api.w.org\/{rel}","templated":true}]}}